{"id":5738,"date":"2025-02-06T16:24:18","date_gmt":"2025-02-06T15:24:18","guid":{"rendered":"https:\/\/irenedelatorre.com\/declaracion-de-accesibilidad\/"},"modified":"2026-02-24T17:27:32","modified_gmt":"2026-02-24T16:27:32","slug":"declaracion-de-accesibilidad","status":"publish","type":"page","link":"https:\/\/irenedelatorre.com\/fr\/declaracion-de-accesibilidad\/","title":{"rendered":"D\u00e9claration d&rsquo;accessibilit\u00e9"},"content":{"rendered":"<style>.wp-block-kadence-advancedheading.kt-adv-heading5738_faf83e-29, .wp-block-kadence-advancedheading.kt-adv-heading5738_faf83e-29[data-kb-block=\"kb-adv-heading5738_faf83e-29\"]{font-style:normal;}.wp-block-kadence-advancedheading.kt-adv-heading5738_faf83e-29 mark.kt-highlight, .wp-block-kadence-advancedheading.kt-adv-heading5738_faf83e-29[data-kb-block=\"kb-adv-heading5738_faf83e-29\"] mark.kt-highlight{font-style:normal;color:#f76a0c;-webkit-box-decoration-break:clone;box-decoration-break:clone;padding-top:0px;padding-right:0px;padding-bottom:0px;padding-left:0px;}.wp-block-kadence-advancedheading.kt-adv-heading5738_faf83e-29 img.kb-inline-image, .wp-block-kadence-advancedheading.kt-adv-heading5738_faf83e-29[data-kb-block=\"kb-adv-heading5738_faf83e-29\"] img.kb-inline-image{width:150px;vertical-align:baseline;}<\/style>\n<h1 class=\"kt-adv-heading5738_faf83e-29 wp-block-kadence-advancedheading\" data-kb-block=\"kb-adv-heading5738_faf83e-29\">D\u00e9claration d&rsquo;accessibilit\u00e9<\/h1>\n\n\n\n<p>Irene de la Torre s&rsquo;est engag\u00e9e \u00e0 rendre son site web accessible, conform\u00e9ment aux directives d&rsquo;accessibilit\u00e9 WCAG 2.1, qui servent de preuve pour \u00e9tayer les crit\u00e8res d&rsquo;accessibilit\u00e9 du Programme de kit num\u00e9rique. Sa structure est conforme aux annexes de la norme UNE-EN 301 549:2022.<br>Cette d\u00e9claration d&rsquo;accessibilit\u00e9 s&rsquo;applique au site web <a href=\"http:\/\/irenedelatorre.com\">irenedelatorre.com<\/a><\/p>\n\n\n\n<p><\/p>\n","protected":false},"excerpt":{"rendered":"<p>D\u00e9claration d&rsquo;accessibilit\u00e9 Irene de la Torre s&rsquo;est engag\u00e9e \u00e0 rendre son site web accessible, conform\u00e9ment aux directives d&rsquo;accessibilit\u00e9 WCAG 2.1, qui servent de preuve pour \u00e9tayer les crit\u00e8res d&rsquo;accessibilit\u00e9 du Programme de kit num\u00e9rique. Sa structure est conforme aux annexes de la norme UNE-EN 301 549:2022.Cette d\u00e9claration d&rsquo;accessibilit\u00e9 s&rsquo;applique au site web irenedelatorre.com<\/p>\n","protected":false},"author":1,"featured_media":0,"parent":0,"menu_order":0,"comment_status":"closed","ping_status":"closed","template":"","meta":{"_kad_blocks_custom_css":"","_kad_blocks_head_custom_js":"","_kad_blocks_body_custom_js":"","_kad_blocks_footer_custom_js":"","_kad_post_transparent":"disable","_kad_post_title":"","_kad_post_layout":"","_kad_post_sidebar_id":"","_kad_post_content_style":"","_kad_post_vertical_padding":"","_kad_post_feature":"","_kad_post_feature_position":"","_kad_post_header":false,"_kad_post_footer":false,"_kad_post_classname":"","_vp_format_video_url":"","_vp_image_focal_point":[],"footnotes":""},"class_list":["post-5738","page","type-page","status-publish","hentry"],"taxonomy_info":[],"featured_image_src_large":false,"author_info":{"display_name":"admin","author_link":"https:\/\/irenedelatorre.com\/fr\/author\/empiezapori\/"},"comment_info":0,"_links":{"self":[{"href":"https:\/\/irenedelatorre.com\/fr\/wp-json\/wp\/v2\/pages\/5738","targetHints":{"allow":["GET"]}}],"collection":[{"href":"https:\/\/irenedelatorre.com\/fr\/wp-json\/wp\/v2\/pages"}],"about":[{"href":"https:\/\/irenedelatorre.com\/fr\/wp-json\/wp\/v2\/types\/page"}],"author":[{"embeddable":true,"href":"https:\/\/irenedelatorre.com\/fr\/wp-json\/wp\/v2\/users\/1"}],"replies":[{"embeddable":true,"href":"https:\/\/irenedelatorre.com\/fr\/wp-json\/wp\/v2\/comments?post=5738"}],"version-history":[{"count":1,"href":"https:\/\/irenedelatorre.com\/fr\/wp-json\/wp\/v2\/pages\/5738\/revisions"}],"predecessor-version":[{"id":5740,"href":"https:\/\/irenedelatorre.com\/fr\/wp-json\/wp\/v2\/pages\/5738\/revisions\/5740"}],"wp:attachment":[{"href":"https:\/\/irenedelatorre.com\/fr\/wp-json\/wp\/v2\/media?parent=5738"}],"curies":[{"name":"wp","href":"https:\/\/api.w.org\/{rel}","templated":true}]}}