{"id":5672,"date":"2025-02-11T18:06:49","date_gmt":"2025-02-11T17:06:49","guid":{"rendered":"https:\/\/irenedelatorre.com\/politica-de-privacidad\/"},"modified":"2026-02-24T16:10:03","modified_gmt":"2026-02-24T15:10:03","slug":"politique-de-confidencialite","status":"publish","type":"page","link":"https:\/\/irenedelatorre.com\/fr\/politique-de-confidencialite\/","title":{"rendered":"Politique de confidencialit\u00e9"},"content":{"rendered":"<style>.wp-block-kadence-advancedheading.kt-adv-heading5672_8c1f4a-06, .wp-block-kadence-advancedheading.kt-adv-heading5672_8c1f4a-06[data-kb-block=\"kb-adv-heading5672_8c1f4a-06\"]{font-size:50px;font-style:normal;}.wp-block-kadence-advancedheading.kt-adv-heading5672_8c1f4a-06 mark.kt-highlight, .wp-block-kadence-advancedheading.kt-adv-heading5672_8c1f4a-06[data-kb-block=\"kb-adv-heading5672_8c1f4a-06\"] mark.kt-highlight{font-style:normal;color:#f76a0c;-webkit-box-decoration-break:clone;box-decoration-break:clone;padding-top:0px;padding-right:0px;padding-bottom:0px;padding-left:0px;}.wp-block-kadence-advancedheading.kt-adv-heading5672_8c1f4a-06 img.kb-inline-image, .wp-block-kadence-advancedheading.kt-adv-heading5672_8c1f4a-06[data-kb-block=\"kb-adv-heading5672_8c1f4a-06\"] img.kb-inline-image{width:150px;vertical-align:baseline;}<\/style>\n<h1 class=\"kt-adv-heading5672_8c1f4a-06 wp-block-kadence-advancedheading\" data-kb-block=\"kb-adv-heading5672_8c1f4a-06\">Politique de confidencialit\u00e9<\/h1>\n\n\n\n<h2 class=\"wp-block-heading\">QUI EST RESPONSABLE DU TRAITEMENT DES DONN\u00c9ES \u00c0 CARACT\u00c8RE PERSONNEL ?<\/h2>\n\n\n\n<p>Irene de la Torre Perell\u00f3 est responsable du traitement des donn\u00e9es personnelles (ci-apr\u00e8s d\u00e9nomm\u00e9e \u00ab la RESPONSABLE \u00bb) de l&rsquo;UTILISATEUR et l&rsquo;informe que ces donn\u00e9es seront trait\u00e9es conform\u00e9ment aux dispositions du r\u00e8glement (UE) 2016\/679 du 27 avril (RGPD) et de la loi organique 3\/2018 du 5 d\u00e9cembre (LOPDGDD).<\/p>\n\n\n\n<h2 class=\"wp-block-heading\">QU&rsquo;EST-CE QUE LES DONN\u00c9ES \u00c0 CARACT\u00c8RE PERSONNEL ?<\/h2>\n\n\n\n<p>Il s&rsquo;agit de toute information personnelle fournie par l&rsquo;UTILISATEUR \u00e0 la RESPONSABLE lors de sa visite sur le pr\u00e9sent site web, telle que son nom et son adresse \u00e9lectronique, et, s&rsquo;il souscrit \u00e0 un service et a besoin d&rsquo;une facture, nous lui demanderons son adresse compl\u00e8te, ses nom et pr\u00e9nom et son num\u00e9ro d&rsquo;identit\u00e9 ou son num\u00e9ro d&rsquo;identification fiscale.<\/p>\n\n\n\n<p>De plus, lorsque l&rsquo;UTILISATEUR visite ce site web, certaines informations, telles que l&rsquo;adresse IP attribu\u00e9e par son fournisseur d&rsquo;acc\u00e8s \u00e0 Internet, sont automatiquement stock\u00e9es pour des raisons techniques.<\/p>\n\n\n\n<h2 class=\"wp-block-heading\">PRINCIPES RELATIFS AU TRAITEMENT DES DONN\u00c9ES<\/h2>\n\n\n\n<p>Pour traiter les donn\u00e9es personnelles de l&rsquo;UTILISATEUR, la RESPONSABLE appliquera, conform\u00e9ment au RGPD, les principes suivants :<\/p>\n\n\n\n<ul class=\"wp-block-list\">\n<li>Principe de lic\u00e9it\u00e9, de loyaut\u00e9 et de transparence : le consentement de l&rsquo;UTILISATEUR sera toujours requis pour le traitement de ses donn\u00e9es personnelles \u00e0 une ou plusieurs fins sp\u00e9cifiques, dont la RESPONSABLE informera pr\u00e9alablement l&rsquo;UTILISATEUR en toute transparence.<\/li>\n\n\n\n<li>Principe de minimisation des donn\u00e9es : la RESPONSABLE ne demandera que les donn\u00e9es strictement n\u00e9cessaires au regard des finalit\u00e9s pour lesquelles il les requiert.<\/li>\n\n\n\n<li>Principe de limitation de la dur\u00e9e de conservation : comme l&rsquo;UTILISATEUR pourra le v\u00e9rifier ci-apr\u00e8s, les donn\u00e9es ne seront pas conserv\u00e9es par la RESPONSABLE plus longtemps que n\u00e9cessaire aux fins du traitement.<\/li>\n\n\n\n<li>Principe d&rsquo;int\u00e9grit\u00e9 et de confidentialit\u00e9 : les donn\u00e9es de l&rsquo;UTILISATEUR seront trait\u00e9es de mani\u00e8re \u00e0 garantir leur s\u00e9curit\u00e9 et leur confidentialit\u00e9. Toutes les mesures seront prises pour emp\u00eacher l&rsquo;acc\u00e8s non autoris\u00e9 ou l&rsquo;utilisation abusive des donn\u00e9es des utilisateurs par des tiers.<\/li>\n<\/ul>\n\n\n\n<h2 class=\"wp-block-heading\">FINALIT\u00c9 DU TRAITEMENT DES DONN\u00c9ES<\/h2>\n\n\n\n<h5 class=\"wp-block-heading\">La RESPONSABLE s&rsquo;engage \u00e0 traiter les donn\u00e9es personnelles de l&rsquo;UTILISATEUR de mani\u00e8re confidentielle afin d&rsquo;atteindre les objectifs suivants :<\/h5>\n\n\n\n<ul class=\"wp-block-list\">\n<li>R\u00e9pondre aux questions ou \u00e0 tout type de demande formul\u00e9e par l&rsquo;UTILISATEUR via l&rsquo;un des moyens de contact mis \u00e0 sa disposition sur le pr\u00e9sent site web (dans l&rsquo;int\u00e9r\u00eat l\u00e9gitime du responsable, art. 6.1.f du RGPD).<\/li>\n\n\n\n<li>Envoyer des communications commerciales publicitaires par courrier \u00e9lectronique ou tout autre moyen \u00e9lectronique ou physique, actuel ou futur, permettant d&rsquo;effectuer des communications commerciales. Ces communications seront effectu\u00e9es par la RESPONSABLE et concerneront ses produits et services, ou ceux de ses collaborateurs ou fournisseurs, avec lesquels il a conclu un accord de promotion. Dans ce cas, les tiers n&rsquo;auront jamais acc\u00e8s aux donn\u00e9es personnelles de l&rsquo;UTILISATEUR (pour le consentement de la personne concern\u00e9e, 6.1.a RGPD).<\/li>\n\n\n\n<li>R\u00e9aliser des analyses statistiques et des \u00e9tudes de march\u00e9 (pour l&rsquo;int\u00e9r\u00eat l\u00e9gitime du responsable, art. 6.1.f RGPD).<\/li>\n\n\n\n<li>Fournir des informations sur les services linguistiques.<\/li>\n<\/ul>\n\n\n\n<h3 class=\"wp-block-heading\">MINEURS<\/h3>\n\n\n\n<p>La RESPONSABLE ne recueille aucune information sp\u00e9cifique sur les mineurs et accorde une attention particuli\u00e8re \u00e0 leur protection. Dans tous les cas, la RESPONSABLE d\u00e9cline toute responsabilit\u00e9 quant au traitement des donn\u00e9es relatives aux mineurs sans le consentement de leurs parents ou tuteurs l\u00e9gaux.<\/p>\n\n\n\n<h3 class=\"wp-block-heading\">DUR\u00c9E DE CONSERVATION DES DONN\u00c9ES<\/h3>\n\n\n\n<p>La RESPONSABLE conservera vos donn\u00e9es pendant la dur\u00e9e l\u00e9galement \u00e9tablie ou jusqu&rsquo;\u00e0 ce que l&rsquo;UTILISATEUR demande leur suppression.<\/p>\n\n\n\n<h3 class=\"wp-block-heading\">EXACTITUDE ET V\u00c9RACIT\u00c9 DES DONN\u00c9ES<\/h3>\n\n\n\n<p>\u00c9videmment l&rsquo;UTILISATEUR est seul responsable de la v\u00e9racit\u00e9 et de l&rsquo;exactitude des donn\u00e9es qu&rsquo;il fournit, ce qui d\u00e9gage la responsable de toute responsabilit\u00e9 \u00e0 cet \u00e9gard.<\/p>\n\n\n\n<p>En tant qu&rsquo;UTILISATEUR, vous devez garantir l&rsquo;exactitude et l&rsquo;authenticit\u00e9 des donn\u00e9es personnelles fournies, c&rsquo;est-\u00e0-dire que vous devez fournir des informations compl\u00e8tes et correctes dans le formulaire de collecte de donn\u00e9es.<\/p>\n\n\n\n<h2 class=\"wp-block-heading\">EXERCICE DES DROITS<\/h2>\n\n\n\n<p>Les personnes physiques qui ont fourni leurs donn\u00e9es via <a href=\"https:\/\/irenedelatorre.com\/fr\/\">https:\/\/irenedelatorre.com\/<\/a> peuvent s&rsquo;adresser \u00e0 la responsable du site web afin d&rsquo;exercer gratuitement leurs droits d&rsquo;acc\u00e8s, de rectification ou de suppression, de limitation et d&rsquo;opposition concernant les donn\u00e9es incorpor\u00e9es dans ses fichiers.<\/p>\n\n\n\n<p>La personne concern\u00e9e peut exercer ses droits en adressant une communication \u00e0 la RESPONSABLE avec la r\u00e9f\u00e9rence \u00ab Protection des donn\u00e9es \u00bb, dans laquelle elle pr\u00e9cisera ses donn\u00e9es, prouvera son identit\u00e9 et exposera les motifs de sa demande. La communication sera envoy\u00e9e par courrier \u00e9lectronique \u00e0 l&rsquo;adresse suivante : <a href=\"mailto:translations@irenedelatorre.com\">translations@irenedelatorre.com<\/a><\/p>\n\n\n\n<h2 class=\"wp-block-heading\">LIENS EXTERNES<\/h2>\n\n\n\n<p>\u00c0 titre de service \u00e0 l&rsquo;UTILISATEUR, le pr\u00e9sent site web peut inclure des hyperliens vers d&rsquo;autres sites qui ne sont ni exploit\u00e9s ni contr\u00f4l\u00e9s par ce site web. Par cons\u00e9quent, <a href=\"https:\/\/irenedelatorre.com\/fr\/\">https:\/\/irenedelatorre.com\/<\/a> ne garantit pas et n&rsquo;est pas responsable de la l\u00e9galit\u00e9, de la fiabilit\u00e9, de l&rsquo;utilit\u00e9, de la v\u00e9racit\u00e9 et de l&rsquo;actualit\u00e9 du contenu de ces sites web ou de leurs pratiques en mati\u00e8re de confidentialit\u00e9. Avant de fournir vos informations personnelles \u00e0 ces sites web externes \u00e0 <a href=\"https:\/\/irenedelatorre.com\/fr\/\">https:\/\/irenedelatorre.com\/<\/a>, veuillez noter que leurs pratiques en mati\u00e8re de confidentialit\u00e9 peuvent diff\u00e9rer de celles de la RESPONSABLE.<\/p>\n\n\n\n<p>Le seul objectif des liens est de fournir \u00e0 l&rsquo;UTILISATEUR la possibilit\u00e9 d&rsquo;acc\u00e9der \u00e0 ces liens et de conna\u00eetre le travail de la RESPONSABLE, sans offrir ni commercialiser lui-m\u00eame ou par l&rsquo;interm\u00e9diaire de tiers les informations, les contenus et les services disponibles sur les sites li\u00e9s, ni approuver, superviser ou contr\u00f4ler de quelque mani\u00e8re que ce soit les contenus et services et tout mat\u00e9riel de quelque nature que ce soit qui y existe. <a href=\"https:\/\/irenedelatorre.com\/fr\/\">https:\/\/irenedelatorre.com\/<\/a> n&rsquo;est en aucun cas responsable des r\u00e9sultats pouvant d\u00e9couler pour l&rsquo;UTILISATEUR de l&rsquo;acc\u00e8s \u00e0 ces liens.<\/p>\n\n\n\n<h2 class=\"wp-block-heading\">MODIFICATION DE LA POLITIQUE DE CONFIDENTIALIT\u00c9<\/h2>\n\n\n\n<p>La RESPONSABLE se r\u00e9serve le droit de modifier, \u00e0 sa seule discr\u00e9tion, la pr\u00e9sente politique de confidentialit\u00e9 en raison d&rsquo;un changement l\u00e9gislatif, jurisprudentiel ou doctrinal de l&rsquo;Agence espagnole de protection des donn\u00e9es. Toute modification de la politique de confidentialit\u00e9 sera publi\u00e9e au moins dix jours avant son application effective. L&rsquo;utilisation de <a href=\"https:\/\/irenedelatorre.com\/d\">https:\/\/irenedelatorre.com\/<\/a> apr\u00e8s ces modifications impliquera votre acceptation.<\/p>\n","protected":false},"excerpt":{"rendered":"<p>Politique de confidencialit\u00e9 QUI EST RESPONSABLE DU TRAITEMENT DES DONN\u00c9ES \u00c0 CARACT\u00c8RE PERSONNEL ? Irene de la Torre Perell\u00f3 est responsable du traitement des donn\u00e9es personnelles (ci-apr\u00e8s d\u00e9nomm\u00e9e \u00ab la RESPONSABLE \u00bb) de l&rsquo;UTILISATEUR et l&rsquo;informe que ces donn\u00e9es seront trait\u00e9es conform\u00e9ment aux dispositions du r\u00e8glement (UE) 2016\/679 du 27 avril (RGPD) et de la<\/p>\n","protected":false},"author":1,"featured_media":0,"parent":0,"menu_order":0,"comment_status":"closed","ping_status":"closed","template":"","meta":{"_kad_blocks_custom_css":"","_kad_blocks_head_custom_js":"","_kad_blocks_body_custom_js":"","_kad_blocks_footer_custom_js":"","_kad_post_transparent":"disable","_kad_post_title":"hide","_kad_post_layout":"","_kad_post_sidebar_id":"","_kad_post_content_style":"","_kad_post_vertical_padding":"","_kad_post_feature":"","_kad_post_feature_position":"","_kad_post_header":false,"_kad_post_footer":false,"_kad_post_classname":"","_vp_format_video_url":"","_vp_image_focal_point":[],"footnotes":""},"class_list":["post-5672","page","type-page","status-publish","hentry"],"taxonomy_info":[],"featured_image_src_large":false,"author_info":{"display_name":"admin","author_link":"https:\/\/irenedelatorre.com\/fr\/author\/empiezapori\/"},"comment_info":0,"_links":{"self":[{"href":"https:\/\/irenedelatorre.com\/fr\/wp-json\/wp\/v2\/pages\/5672","targetHints":{"allow":["GET"]}}],"collection":[{"href":"https:\/\/irenedelatorre.com\/fr\/wp-json\/wp\/v2\/pages"}],"about":[{"href":"https:\/\/irenedelatorre.com\/fr\/wp-json\/wp\/v2\/types\/page"}],"author":[{"embeddable":true,"href":"https:\/\/irenedelatorre.com\/fr\/wp-json\/wp\/v2\/users\/1"}],"replies":[{"embeddable":true,"href":"https:\/\/irenedelatorre.com\/fr\/wp-json\/wp\/v2\/comments?post=5672"}],"version-history":[{"count":1,"href":"https:\/\/irenedelatorre.com\/fr\/wp-json\/wp\/v2\/pages\/5672\/revisions"}],"predecessor-version":[{"id":5674,"href":"https:\/\/irenedelatorre.com\/fr\/wp-json\/wp\/v2\/pages\/5672\/revisions\/5674"}],"wp:attachment":[{"href":"https:\/\/irenedelatorre.com\/fr\/wp-json\/wp\/v2\/media?parent=5672"}],"curies":[{"name":"wp","href":"https:\/\/api.w.org\/{rel}","templated":true}]}}