{"id":5441,"date":"2025-02-06T16:24:18","date_gmt":"2025-02-06T15:24:18","guid":{"rendered":"https:\/\/irenedelatorre.com\/declaracion-de-accesibilidad\/"},"modified":"2026-02-24T11:53:29","modified_gmt":"2026-02-24T10:53:29","slug":"declaracio-accesibilitat","status":"publish","type":"page","link":"https:\/\/irenedelatorre.com\/ca\/declaracio-accesibilitat\/","title":{"rendered":"Declaraci\u00f3 d&#8217;accessibilitat"},"content":{"rendered":"<style>.wp-block-kadence-advancedheading.kt-adv-heading5441_3251a9-9f, .wp-block-kadence-advancedheading.kt-adv-heading5441_3251a9-9f[data-kb-block=\"kb-adv-heading5441_3251a9-9f\"]{font-style:normal;}.wp-block-kadence-advancedheading.kt-adv-heading5441_3251a9-9f mark.kt-highlight, .wp-block-kadence-advancedheading.kt-adv-heading5441_3251a9-9f[data-kb-block=\"kb-adv-heading5441_3251a9-9f\"] mark.kt-highlight{font-style:normal;color:#f76a0c;-webkit-box-decoration-break:clone;box-decoration-break:clone;padding-top:0px;padding-right:0px;padding-bottom:0px;padding-left:0px;}.wp-block-kadence-advancedheading.kt-adv-heading5441_3251a9-9f img.kb-inline-image, .wp-block-kadence-advancedheading.kt-adv-heading5441_3251a9-9f[data-kb-block=\"kb-adv-heading5441_3251a9-9f\"] img.kb-inline-image{width:150px;vertical-align:baseline;}<\/style>\n<h1 class=\"kt-adv-heading5441_3251a9-9f wp-block-kadence-advancedheading\" data-kb-block=\"kb-adv-heading5441_3251a9-9f\">Declaraci\u00f3 d&#8217;accessibilitat<\/h1>\n\n\n\n<p>Irene de la Torre s&#8217;ha comprom\u00e8s a fer accessible el vostre lloc web, de conformitat amb normativa WCAG 2.1 en mat\u00e8ria d&#8217;accessibilitat i que s&#8217;utilitza com a evid\u00e8ncia de la justificaci\u00f3 del criteri d&#8217;accessibilitat del Programa Kit Digital. Est\u00e0 estructurat d&#8217;acord amb els annexos de la norma UNE-EN 301 549:2022.<br>Aquesta declaraci\u00f3 d&#8217;accessibilitat s&#8217;aplica al lloc web <a href=\"http:\/\/irenedelatorre.com\">irenedelatorre.com<\/a><\/p>\n\n\n\n<p><\/p>\n","protected":false},"excerpt":{"rendered":"<p>Declaraci\u00f3 d&#8217;accessibilitat Irene de la Torre s&#8217;ha comprom\u00e8s a fer accessible el vostre lloc web, de conformitat amb normativa WCAG 2.1 en mat\u00e8ria d&#8217;accessibilitat i que s&#8217;utilitza com a evid\u00e8ncia de la justificaci\u00f3 del criteri d&#8217;accessibilitat del Programa Kit Digital. Est\u00e0 estructurat d&#8217;acord amb els annexos de la norma UNE-EN 301 549:2022.Aquesta declaraci\u00f3 d&#8217;accessibilitat s&#8217;aplica<\/p>\n","protected":false},"author":1,"featured_media":0,"parent":0,"menu_order":0,"comment_status":"closed","ping_status":"closed","template":"","meta":{"_kad_blocks_custom_css":"","_kad_blocks_head_custom_js":"","_kad_blocks_body_custom_js":"","_kad_blocks_footer_custom_js":"","_kad_post_transparent":"disable","_kad_post_title":"","_kad_post_layout":"","_kad_post_sidebar_id":"","_kad_post_content_style":"","_kad_post_vertical_padding":"","_kad_post_feature":"","_kad_post_feature_position":"","_kad_post_header":false,"_kad_post_footer":false,"_kad_post_classname":"","_vp_format_video_url":"","_vp_image_focal_point":[],"footnotes":""},"class_list":["post-5441","page","type-page","status-publish","hentry"],"taxonomy_info":[],"featured_image_src_large":false,"author_info":{"display_name":"admin","author_link":"https:\/\/irenedelatorre.com\/ca\/author\/empiezapori\/"},"comment_info":0,"_links":{"self":[{"href":"https:\/\/irenedelatorre.com\/ca\/wp-json\/wp\/v2\/pages\/5441","targetHints":{"allow":["GET"]}}],"collection":[{"href":"https:\/\/irenedelatorre.com\/ca\/wp-json\/wp\/v2\/pages"}],"about":[{"href":"https:\/\/irenedelatorre.com\/ca\/wp-json\/wp\/v2\/types\/page"}],"author":[{"embeddable":true,"href":"https:\/\/irenedelatorre.com\/ca\/wp-json\/wp\/v2\/users\/1"}],"replies":[{"embeddable":true,"href":"https:\/\/irenedelatorre.com\/ca\/wp-json\/wp\/v2\/comments?post=5441"}],"version-history":[{"count":2,"href":"https:\/\/irenedelatorre.com\/ca\/wp-json\/wp\/v2\/pages\/5441\/revisions"}],"predecessor-version":[{"id":5508,"href":"https:\/\/irenedelatorre.com\/ca\/wp-json\/wp\/v2\/pages\/5441\/revisions\/5508"}],"wp:attachment":[{"href":"https:\/\/irenedelatorre.com\/ca\/wp-json\/wp\/v2\/media?parent=5441"}],"curies":[{"name":"wp","href":"https:\/\/api.w.org\/{rel}","templated":true}]}}