{"id":5427,"date":"2025-02-11T18:06:49","date_gmt":"2025-02-11T17:06:49","guid":{"rendered":"https:\/\/irenedelatorre.com\/politica-de-privacidad\/"},"modified":"2026-02-24T09:16:44","modified_gmt":"2026-02-24T08:16:44","slug":"politica-de-privadesa","status":"publish","type":"page","link":"https:\/\/irenedelatorre.com\/ca\/politica-de-privadesa\/","title":{"rendered":"Pol\u00edtica de privadesa"},"content":{"rendered":"<style>.wp-block-kadence-advancedheading.kt-adv-heading5427_6fd284-dd, .wp-block-kadence-advancedheading.kt-adv-heading5427_6fd284-dd[data-kb-block=\"kb-adv-heading5427_6fd284-dd\"]{font-size:50px;font-style:normal;}.wp-block-kadence-advancedheading.kt-adv-heading5427_6fd284-dd mark.kt-highlight, .wp-block-kadence-advancedheading.kt-adv-heading5427_6fd284-dd[data-kb-block=\"kb-adv-heading5427_6fd284-dd\"] mark.kt-highlight{font-style:normal;color:#f76a0c;-webkit-box-decoration-break:clone;box-decoration-break:clone;padding-top:0px;padding-right:0px;padding-bottom:0px;padding-left:0px;}.wp-block-kadence-advancedheading.kt-adv-heading5427_6fd284-dd img.kb-inline-image, .wp-block-kadence-advancedheading.kt-adv-heading5427_6fd284-dd[data-kb-block=\"kb-adv-heading5427_6fd284-dd\"] img.kb-inline-image{width:150px;vertical-align:baseline;}<\/style>\n<h1 class=\"kt-adv-heading5427_6fd284-dd wp-block-kadence-advancedheading\" data-kb-block=\"kb-adv-heading5427_6fd284-dd\">Pol\u00edtica de privadesa<\/h1>\n\n\n\n<h2 class=\"wp-block-heading\">QUI \u00c9S LA RESPONSABLE DEL TRACTAMENT DE LES DADES PERSONALS?<\/h2>\n\n\n\n<p>Irene de la Torre Perell\u00f3 \u00e9s la responsable del tractament de les dades personals (d&#8217;ara endavant, la RESPONSABLE) de l&#8217;USUARI i l&#8217;informa que aquestes dades seran tractades de conformitat amb el que disposa el Reglament (UE) 2016\/679, del 27 d&#8217;abril (GDPR), i la Llei Org\u00e0nica 3\/2018, del 5 de desembre (LOPDGDD).<\/p>\n\n\n\n<h2 class=\"wp-block-heading\">QU\u00c8 S\u00d3N LES DADES PERSONALS?<\/h2>\n\n\n\n<p>Es tracta de qualsevol informaci\u00f3 personal que faciliti l&#8217;USUARI a la RESPONSABLE en visitar aquest lloc web, com el seu nom i correu electr\u00f2nic, i, si contract\u00e9s algun servei i necessit\u00e9s una factura, sol\u00b7licitar\u00edem el seu domicili complet, nom, cognoms i DNI o CIF.<\/p>\n\n\n\n<p>Addicionalment, quan l&#8217;USUARI visita aquest lloc web, determinada informaci\u00f3, com l&#8217;adre\u00e7a IP assignada pel prove\u00efdor d&#8217;acc\u00e9s a Internet, s&#8217;emmagatzema autom\u00e0ticament per motius t\u00e8cnics.<\/p>\n\n\n\n<h2 class=\"wp-block-heading\">PRINCIPIS PER AL TRACTAMENT DE DADES<\/h2>\n\n\n\n<p>Per tractar les dades personals de l&#8217;USUARI, la RESPONSABLE aplicar\u00e0, segons l&#8217;RGPD, els principis seg\u00fcents:<\/p>\n\n\n\n<ul class=\"wp-block-list\">\n<li>Principi de licitud, lleialtat i transpar\u00e8ncia: sempre es requerir\u00e0 el consentiment de l&#8217;USUARI per al tractament de les vostres dades personals per a un o diversos fins espec\u00edfics sobre els quals la RESPONSABLE informar\u00e0 pr\u00e8viament a l&#8217;USUARI amb absoluta transpar\u00e8ncia.<\/li>\n\n\n\n<li>Principi de minimitzaci\u00f3 de dades: la RESPONSABLE nom\u00e9s sol\u00b7licitar\u00e0 dades estrictament necess\u00e0ries en relaci\u00f3 amb els fins per als quals les requereixi.<\/li>\n\n\n\n<li>Principi de limitaci\u00f3 del termini de conservaci\u00f3: com m\u00e9s endavant podr\u00e0 comprovar l&#8217;USUARI, les dades no seran mantingudes per la RESPONSABLE durant m\u00e9s temps del necessari per als fins del tractament.<\/li>\n\n\n\n<li>Principi d&#8217;integritat i confidencialitat: les dades de l&#8217;USUARI seran tractades de manera que se&#8217;n garanteixi la seguretat i confidencialitat. Es prendran totes les mesures per evitar l&#8217;acc\u00e9s no autoritzat o l&#8217;\u00fas indegut de les dades dels usuaris per part de tercers.<\/li>\n<\/ul>\n\n\n\n<h2 class=\"wp-block-heading\"><strong>FINALITAT DEL TRACTAMENT DE DADES<\/strong><\/h2>\n\n\n\n<h5 class=\"wp-block-heading\">La RESPONSABLE es compromet a tractar les dades personals de l&#8217;USUARI de manera confidencial per assolir els fins seg\u00fcents:<\/h5>\n\n\n\n<ul class=\"wp-block-list\">\n<li>Donar resposta a les consultes o qualsevol tipus de petici\u00f3 que faci l&#8217;USUARI a trav\u00e9s de qualsevol de les formes de contacte que es posen a la seva disposici\u00f3 al present lloc web (per l&#8217;inter\u00e8s leg\u00edtim del responsable, art. 6.1.f GDPR).<\/li>\n\n\n\n<li>Enviar comunicacions comercials publicit\u00e0ries per correu electr\u00f2nic o qualsevol altre mitj\u00e0 electr\u00f2nic o f\u00edsic, present o futur, que possibiliti fer comunicacions comercials. Aquestes comunicacions seran realitzades per la responsable i estaran relacionades amb els seus productes i serveis, o dels seus col\u00b7laboradors o prove\u00efdors, amb els quals aquesta hagi arribat a algun acord de promoci\u00f3. En aquest cas, els tercers mai no tindran acc\u00e9s a les dades personals de l&#8217;USUARI (pel consentiment de l&#8217;interessat, 6.1.a GDPR)<\/li>\n\n\n\n<li>Realitzar an\u00e0lisis estad\u00edstiques i estudis de mercat (per l&#8217;inter\u00e8s leg\u00edtim del responsable, art. 6.1.f GDPR)<\/li>\n\n\n\n<li>Subministrament d&#8217;informaci\u00f3 sobre serveis ling\u00fc\u00edstics<\/li>\n<\/ul>\n\n\n\n<h3 class=\"wp-block-heading\"><strong>MENORS D&#8217;EDAT<\/strong><\/h3>\n\n\n\n<p>La RESPONSABLE no recull cap tipus d&#8217;informaci\u00f3 espec\u00edfica sobre menors i posa l&#8217;atenci\u00f3 en la protecci\u00f3. En tot cas, la RESPONSABLE s&#8217;exonera del tractament de dades realitzat sobre menors sense el consentiment dels pares o tutors legals.<\/p>\n\n\n\n<h3 class=\"wp-block-heading\"><strong>TEMPS DE CONSERVACI\u00d3 DE LES DADES<\/strong><\/h3>\n\n\n\n<p>La RESPONSABLE conservar\u00e0 les vostres dades durant el temps legalment establert o fins que l&#8217;USUARI sol\u00b7liciti la seva eliminaci\u00f3.<\/p>\n\n\n\n<h3 class=\"wp-block-heading\"><strong>EXACTITUD I VERACITAT DE LES DADES<\/strong><\/h3>\n\n\n\n<p>\u00d2bviament l&#8217;USUARI \u00e9s l&#8217;\u00fanic responsable de la veracitat i exactitud de les dades que remeti, cosa que eximeix la responsable de qualsevol tipus de responsabilitat al respecte.<\/p>\n\n\n\n<p>Com a USUARI, vost\u00e8 ha de garantir l&#8217;exactitud i autenticitat de les dades personals facilitades, \u00e9s a dir, ha d&#8217;aportar la informaci\u00f3 completa i correcta al formulari de captaci\u00f3 de dades.<\/p>\n\n\n\n<h2 class=\"wp-block-heading\"><strong>EXERCICI DE DRETS<\/strong><\/h2>\n\n\n\n<p>Aquelles persones f\u00edsiques que hagin facilitat les seves dades a trav\u00e9s de\u00a0<a href=\"https:\/\/irenedelatorre.com\/ca\/\">https:\/\/irenedelatorre.com\/<\/a> podran adre\u00e7ar-se a la titular de la web per tal de poder exercitar gratu\u00eftament els seus drets d&#8217;acc\u00e9s a les seves dades, rectificaci\u00f3 o supressi\u00f3, limitaci\u00f3 i oposici\u00f3 respecte de les dades incorporades als seus fitxers.<\/p>\n\n\n\n<p>L&#8217;interessat o la interessada podr\u00e0 exercitar els seus drets mitjan\u00e7ant una comunicaci\u00f3 adre\u00e7ada a la RESPONSABLE amb la refer\u00e8ncia \u00abProtecci\u00f3 de dades\u00bb, on especificar\u00e0 les seves dades, acreditar\u00e0 la seva identitat i exposar\u00e0 els motius de la seva sol\u00b7licitud. La comunicaci\u00f3 es remetr\u00e0 a trav\u00e9s del correu electr\u00f2nic: <a href=\"mailto:translations@irenedelatorre.com\">translations@irenedelatorre.com<\/a><\/p>\n\n\n\n<h2 class=\"wp-block-heading\"><strong>ENLLA\u00c7OS EXTERNS<\/strong><\/h2>\n\n\n\n<p>Com a servei a l&#8217;USUARI, aquest lloc web pot incloure hipervincles a altres llocs que no s\u00f3n operats o controlats per aquest lloc web. Per aix\u00f2,\u00a0<a href=\"https:\/\/irenedelatorre.com\/ca\/\">https:\/\/irenedelatorre.com\/<\/a>\u00a0no garanteix ni es fa responsable de la licitud, fiabilitat, utilitat, veracitat i actualitat dels continguts d&#8217;aquests llocs web o de les seves pr\u00e0ctiques de privadesa. Si us plau, abans de proporcionar la vostra informaci\u00f3 personal a aquests llocs web aliens a\u00a0<a href=\"https:\/\/irenedelatorre.com\/ca\/\">https:\/\/irenedelatorre.com\/<\/a>, tingueu en compte que les seves pr\u00e0ctiques de privadesa poden diferir de les de la RESPONSABLE.<\/p>\n\n\n\n<p>L&#8217;\u00fanic objecte dels enlla\u00e7os \u00e9s proporcionar a l&#8217;USUARI la possibilitat d&#8217;accedir a aquests enlla\u00e7os i con\u00e8ixer el treball de la RESPONSABLE, sense oferir ni comercialitzar per si mateixa ni per mitj\u00e0 de tercers la informaci\u00f3, els continguts i serveis disponibles als llocs enlla\u00e7ats, ni aprovar, supervisar o controlar de cap manera els continguts i serveis i qualsevol material de qualsevol naturalesa existent en ells.\u00a0<a href=\"https:\/\/irenedelatorre.com\/ca\/\">https:\/\/irenedelatorre.com\/<\/a>\u00a0no es responsabilitza en cap cas dels resultats que puguin derivar-se a l&#8217;USUARI per accedir a aquests enlla\u00e7os.<\/p>\n\n\n\n<h2 class=\"wp-block-heading\"><strong>MODIFICACI\u00d3 DE LA POL\u00cdTICA DE PRIVACITAT<\/strong><\/h2>\n\n\n\n<p>La RESPONSABLE es reserva el dret a modificar d&#8217;acord amb el seu propi criteri aquesta Pol\u00edtica de Privadesa motivada per un canvi legislatiu, jurisprudencial o doctrinal de l&#8217;Ag\u00e8ncia Espanyola de Protecci\u00f3 de Dades. Qualsevol modificaci\u00f3 de la Pol\u00edtica de Privadesa ser\u00e0 publicada almenys deu dies abans de la seva aplicaci\u00f3 efectiva. L&#8217;\u00fas de <a href=\"https:\/\/irenedelatorre.com\/d\">https:\/\/irenedelatorre.com\/<\/a> despr\u00e9s d&#8217;aquests canvis implicar\u00e0 la vostra acceptaci\u00f3.<\/p>\n","protected":false},"excerpt":{"rendered":"<p>Pol\u00edtica de privadesa QUI \u00c9S LA RESPONSABLE DEL TRACTAMENT DE LES DADES PERSONALS? Irene de la Torre Perell\u00f3 \u00e9s la responsable del tractament de les dades personals (d&#8217;ara endavant, la RESPONSABLE) de l&#8217;USUARI i l&#8217;informa que aquestes dades seran tractades de conformitat amb el que disposa el Reglament (UE) 2016\/679, del 27 d&#8217;abril (GDPR), i<\/p>\n","protected":false},"author":1,"featured_media":0,"parent":0,"menu_order":0,"comment_status":"closed","ping_status":"closed","template":"","meta":{"_kad_blocks_custom_css":"","_kad_blocks_head_custom_js":"","_kad_blocks_body_custom_js":"","_kad_blocks_footer_custom_js":"","_kad_post_transparent":"disable","_kad_post_title":"hide","_kad_post_layout":"","_kad_post_sidebar_id":"","_kad_post_content_style":"","_kad_post_vertical_padding":"","_kad_post_feature":"","_kad_post_feature_position":"","_kad_post_header":false,"_kad_post_footer":false,"_kad_post_classname":"","_vp_format_video_url":"","_vp_image_focal_point":[],"footnotes":""},"class_list":["post-5427","page","type-page","status-publish","hentry"],"taxonomy_info":[],"featured_image_src_large":false,"author_info":{"display_name":"admin","author_link":"https:\/\/irenedelatorre.com\/ca\/author\/empiezapori\/"},"comment_info":0,"_links":{"self":[{"href":"https:\/\/irenedelatorre.com\/ca\/wp-json\/wp\/v2\/pages\/5427","targetHints":{"allow":["GET"]}}],"collection":[{"href":"https:\/\/irenedelatorre.com\/ca\/wp-json\/wp\/v2\/pages"}],"about":[{"href":"https:\/\/irenedelatorre.com\/ca\/wp-json\/wp\/v2\/types\/page"}],"author":[{"embeddable":true,"href":"https:\/\/irenedelatorre.com\/ca\/wp-json\/wp\/v2\/users\/1"}],"replies":[{"embeddable":true,"href":"https:\/\/irenedelatorre.com\/ca\/wp-json\/wp\/v2\/comments?post=5427"}],"version-history":[{"count":2,"href":"https:\/\/irenedelatorre.com\/ca\/wp-json\/wp\/v2\/pages\/5427\/revisions"}],"predecessor-version":[{"id":5435,"href":"https:\/\/irenedelatorre.com\/ca\/wp-json\/wp\/v2\/pages\/5427\/revisions\/5435"}],"wp:attachment":[{"href":"https:\/\/irenedelatorre.com\/ca\/wp-json\/wp\/v2\/media?parent=5427"}],"curies":[{"name":"wp","href":"https:\/\/api.w.org\/{rel}","templated":true}]}}