{"id":5415,"date":"2025-02-11T18:03:09","date_gmt":"2025-02-11T17:03:09","guid":{"rendered":"https:\/\/irenedelatorre.com\/aviso-legal\/"},"modified":"2026-02-24T11:54:35","modified_gmt":"2026-02-24T10:54:35","slug":"avis-legal","status":"publish","type":"page","link":"https:\/\/irenedelatorre.com\/ca\/avis-legal\/","title":{"rendered":"Av\u00eds legal"},"content":{"rendered":"<style>.wp-block-kadence-advancedheading.kt-adv-heading5415_7d495b-5f, .wp-block-kadence-advancedheading.kt-adv-heading5415_7d495b-5f[data-kb-block=\"kb-adv-heading5415_7d495b-5f\"]{font-size:50px;font-style:normal;}.wp-block-kadence-advancedheading.kt-adv-heading5415_7d495b-5f mark.kt-highlight, .wp-block-kadence-advancedheading.kt-adv-heading5415_7d495b-5f[data-kb-block=\"kb-adv-heading5415_7d495b-5f\"] mark.kt-highlight{font-style:normal;color:#f76a0c;-webkit-box-decoration-break:clone;box-decoration-break:clone;padding-top:0px;padding-right:0px;padding-bottom:0px;padding-left:0px;}.wp-block-kadence-advancedheading.kt-adv-heading5415_7d495b-5f img.kb-inline-image, .wp-block-kadence-advancedheading.kt-adv-heading5415_7d495b-5f[data-kb-block=\"kb-adv-heading5415_7d495b-5f\"] img.kb-inline-image{width:150px;vertical-align:baseline;}<\/style>\n<h1 class=\"kt-adv-heading5415_7d495b-5f wp-block-kadence-advancedheading\" data-kb-block=\"kb-adv-heading5415_7d495b-5f\">Av\u00eds legal<\/h1>\n\n\n\n<p>En compliment amb el deure d\u2019informaci\u00f3 recollit a l&#8217;article 10 de la Llei 34\/2002 d&#8217;11 de juliol de Serveis de la Societat de la Informaci\u00f3 i del Comer\u00e7 Electr\u00f2nic, es fa constar el seg\u00fcent:<\/p>\n\n\n\n<h3 class=\"wp-block-heading\"><strong>Dades identificatives de la responsable<\/strong><\/h3>\n\n\n\n<p>La titular d&#8217;aquest lloc web amb una activitat social que consisteix en l&#8217;oferta de serveis ling\u00fc\u00edstics \u00e9s Irene de la Torre Perell\u00f3 amb domicili social a Madrid (Madrid), tel\u00e8fon 617665295 i correu electr\u00f2nic: <a href=\"mailto:translations@irenedelatorre.com\">translations@irenedelatorre.com<\/a>.<\/p>\n\n\n\n<h3 class=\"wp-block-heading\"><strong>\u00das del lloc web<\/strong><\/h3>\n\n\n\n<p>El lloc web proporciona acc\u00e9s a informaci\u00f3, serveis i dades propietat d&#8217;<strong>Irene de la Torre<\/strong>. L&#8217;acc\u00e9s i \u00fas d&#8217;aquest lloc web vos atribueix a vost\u00e8 (a continuaci\u00f3, l&#8217;USUARI) la condici\u00f3 d&#8217;USUARI, que accepta, des d&#8217;aquest acc\u00e9s i \u00fas, els presents termes; no obstant aix\u00f2, el mer \u00fas del lloc web no significa l&#8217;inici de cap relaci\u00f3 laboral\/comercial. L&#8217;USUARI assumeix la responsabilitat de l&#8217;\u00fas del lloc web.<\/p>\n\n\n\n<p>L&#8217;USUARI es compromet a fer un \u00fas adequat dels continguts del lloc web i, amb car\u00e0cter enunciatiu per\u00f2 no limitatiu, a no fer-los servir per:<\/p>\n\n\n\n<ol class=\"wp-block-list\">\n<li>inc\u00f3rrer en activitats il\u00b7l\u00edcites, il\u00b7legals o contr\u00e0ries a la bona fe i a l&#8217;ordre p\u00fablic;<\/li>\n\n\n\n<li>difondre continguts o propaganda de car\u00e0cter racista, xen\u00f2fob, pornogr\u00e0fic-il\u00b7legal, d&#8217;apologia del terrorisme o atemptatori contra els drets humans;<\/li>\n\n\n\n<li>provocar danys als sistemes f\u00edsics i l\u00f2gics de la web, dels seus prove\u00efdors o de terceres persones, introduir o difondre a la xarxa virus inform\u00e0tics o qualssevol altres sistemes f\u00edsics o l\u00f2gics que siguin susceptibles de provocar els danys anteriorment esmentats:<\/li>\n\n\n\n<li>intentar accedir i, si escau, utilitzar els comptes de correu electr\u00f2nic d\u2019altres usuaris i modificar o manipular els seus missatges.<\/li>\n<\/ol>\n\n\n\n<p>Irene de la Torre Perell\u00f3 es reserva el dret de retirar tots aquells comentaris i aportacions que vulnerin el respecte a la dignitat de la persona, que siguin discriminatoris, xen\u00f2fobs, racistes, pornogr\u00e0fics, que atemptin contra la joventut o la inf\u00e0ncia, l&#8217;ordre o la seguretat p\u00fablica o que, segons ella, no resultin adequats per a la seva publicaci\u00f3.<\/p>\n\n\n\n<p>En qualsevol cas, Irene de la Torre Perell\u00f3 no ser\u00e0 responsable de les opinions abocades per l&#8217;USUARI a trav\u00e9s del bloc o altres eines de participaci\u00f3 que es puguin crear, de conformitat amb el que preveu la normativa aplicable.<\/p>\n\n\n\n<h4 class=\"wp-block-heading\"><strong>Captura d&#8217;informaci\u00f3<\/strong><\/h4>\n\n\n\n<p>El lloc web no utilitza galetes de tercers, nom\u00e9s les galetes t\u00e8cniques perqu\u00e8 funcioni WordPress.<\/p>\n\n\n\n<p>L&#8217;USUARI pot accedir, rectificar i suprimir les dades enviant-me un correu electr\u00f2nic a <a href=\"mailto:translations@irenedelatorre.com\">translations@irenedelatorre.com<\/a>.<\/p>\n\n\n\n<p>Tot i aix\u00f2, l&#8217;USUARI podr\u00e0 donar-se de baixa en qualsevol moment dels serveis prestats per Irene de la Torre Perell\u00f3 o retirar les dades aportades segons la normativa vigent sobre Protecci\u00f3 de Dades.<\/p>\n\n\n\n<h2 class=\"wp-block-heading\"><strong>PROPIETAT INTEL\u00b7LECTUAL I INDUSTRIAL<\/strong><\/h2>\n\n\n\n<p>Irene de la Torre Perell\u00f3, per si o com a cession\u00e0ria, \u00e9s titular de tots els drets de propietat intel\u00b7lectual i industrial del seu lloc web, aix\u00ed com dels elements continguts en ella (a t\u00edtol enunciatiu, imatges, so, \u00e0udio, v\u00eddeo, programari o textos; marques o logotips, combinacions de colors, estructura i disseny, selecci\u00f3 de materials usats, programes d&#8217;ordinador necessaris per al seu funcionament) titularitat d\u2019Irene de la Torre Perell\u00f3 o b\u00e9 dels seus llicenciants. Tots els drets reservats.<\/p>\n\n\n\n<p>Qualsevol \u00fas no autoritzat pr\u00e8viament per Irene de la Torre Perell\u00f3 ser\u00e0 considerat un incompliment greu dels drets de propietat intel\u00b7lectual o industrial de l&#8217;autora.<\/p>\n\n\n\n<p>Queden expressament prohibides la reproducci\u00f3, la distribuci\u00f3 i la comunicaci\u00f3 p\u00fablica, inclosa la modalitat de posada a disposici\u00f3, de la totalitat o part dels continguts d&#8217;aquest lloc web, amb fins comercials, en qualsevol suport i per qualsevol mitj\u00e0 t\u00e8cnic, sense l&#8217;autoritzaci\u00f3 expressa d&#8217;Irene de la Torre Perell\u00f3.<\/p>\n\n\n\n<p>L&#8217;USUARI es compromet a respectar els drets de propietat intel\u00b7lectual i industrial titularitat d&#8217;Irene de la Torre Perell\u00f3. L&#8217;USUARI haur\u00e0 d&#8217;abstenir-se de suprimir, alterar, eludir o manipular qualsevol dispositiu de protecci\u00f3 o sistema de seguretat que estigu\u00e9s instal\u00b7lat a les p\u00e0gines d&#8217;Irene de la Torre Perell\u00f3.<\/p>\n\n\n\n<h2 class=\"wp-block-heading\"><strong>EXCLUSI\u00d3 DE GARANTIES I RESPONSABILITAT<\/strong><\/h2>\n\n\n\n<p>Irene de la Torre Perell\u00f3 no es fa responsable, en cap cas, dels danys i perjudicis de qualsevol naturalesa que poguessin ocasionar, a t\u00edtol enunciatiu: per errors o omissions en els continguts, per manca de disponibilitat del lloc web \u2013el qual far\u00e0 parades peri\u00f2diques per manteniments t\u00e8cnics\u2013, aix\u00ed com per la transmissi\u00f3 de virus o programes maliciosos o lesius.<\/p>\n\n\n\n<h2 class=\"wp-block-heading\"><strong>MODIFICACIONS<\/strong><\/h2>\n\n\n\n<p>Irene de la Torre Perell\u00f3 es reserva el dret d&#8217;efectuar sense previ av\u00eds les modificacions que consideri oportunes al seu lloc web, podent canviar, suprimir o afegir tant els continguts i serveis que es prestin a trav\u00e9s d&#8217;ella com la forma en qu\u00e8 aquests apareguin presentats o localitzats al seu lloc web.<\/p>\n\n\n\n<h2 class=\"wp-block-heading\"><strong>POL\u00cdTICA D&#8217;ENLLA\u00c7OS<\/strong><\/h2>\n\n\n\n<p>El lloc web d&#8217;Irene de Torre Perell\u00f3 pot posar a disposici\u00f3 de l&#8217;USUARI connexions i enlla\u00e7os a altres llocs web gestionats i controlats per tercers. Aquests enlla\u00e7os tenen com a funci\u00f3 exclusiva facilitar a l&#8217;USUARI la cerca d&#8217;informaci\u00f3, continguts i serveis a Internet, sense que en cap cas la seva inclusi\u00f3 es pugui considerar un suggeriment, recomanaci\u00f3 o invitaci\u00f3 a visitar-los.<\/p>\n\n\n\n<p>Irene de la Torre Perell\u00f3 no comercialitza, dirigeix \u200b\u200bni controla pr\u00e8viament, aix\u00ed com tampoc no fa propis els continguts, serveis, informacions i manifestacions disponibles en aquests llocs web.<\/p>\n\n\n\n<p>Irene de la Torre Perell\u00f3 no assumeix cap tipus de responsabilitat, ni tan sols de forma indirecta o subsidi\u00e0ria, pels danys i perjudicis de tota classe que poguessin derivar-se de l&#8217;acc\u00e9s, manteniment, \u00fas, qualitat, licitud, fiabilitat i utilitat dels continguts, informacions, comunicacions, opinions, manifestacions, productes i serveis existents o oferts en els llocs web no gestionats per Irene de la Torre Perell\u00f3 i que resultin accessibles a trav\u00e9s del seu lloc web.<\/p>\n\n\n\n<h2 class=\"wp-block-heading\"><strong>DRET D&#8217;EXCLUSI\u00d3<\/strong><\/h2>\n\n\n\n<p>Irene de la Torre Perell\u00f3 es reserva el dret a denegar o retirar l&#8217;acc\u00e9s al portal o serveis oferts sense necessitat de preav\u00eds, a inst\u00e0ncia pr\u00f2pia o d&#8217;un tercer, a aquells usuaris que incompleixin les presents Condicions Generals d&#8217;\u00das.<\/p>\n\n\n\n<h2 class=\"wp-block-heading\"><strong>GENERALITATS<\/strong><\/h2>\n\n\n\n<p>Irene de la Torre Perell\u00f3 perseguir\u00e0 l&#8217;incompliment de les presents condicions, aix\u00ed com qualsevol \u00fas indegut del vostre lloc web, exercint totes les accions civils i penals que li puguin correspondre en dret.<\/p>\n\n\n\n<h2 class=\"wp-block-heading\"><strong>MODIFICACI\u00d3 DE LES PRESENTS CONDICIONS I DURADA<\/strong><\/h2>\n\n\n\n<p>Irene de la Torre Perell\u00f3 podr\u00e0 modificar en qualsevol moment les condicions aqu\u00ed determinades, que seran degudament publicades com apareixen aqu\u00ed. La vig\u00e8ncia de les condicions esmentades anir\u00e0 en funci\u00f3 de la seva exposici\u00f3 i estaran vigents fins que siguin modificades per altres.<\/p>\n\n\n\n<h2 class=\"wp-block-heading\"><strong>LEGISLACI\u00d3 APLICABLE I JURISDICCI\u00d3<\/strong><\/h2>\n\n\n\n<p>La relaci\u00f3 entre Irene de la Torre Perell\u00f3 i l&#8217;USUARI es regir\u00e0 per la normativa espanyola vigent i qualsevol controv\u00e8rsia se sotmetr\u00e0 als jutjats i tribunals de la ciutat de Madrid, llevat que la llei aplicable disposi una altra cosa.<\/p>\n\n\n\n<p><a id=\"_msocom_1\"><\/a><\/p>\n","protected":false},"excerpt":{"rendered":"<p>Av\u00eds legal En compliment amb el deure d\u2019informaci\u00f3 recollit a l&#8217;article 10 de la Llei 34\/2002 d&#8217;11 de juliol de Serveis de la Societat de la Informaci\u00f3 i del Comer\u00e7 Electr\u00f2nic, es fa constar el seg\u00fcent: Dades identificatives de la responsable La titular d&#8217;aquest lloc web amb una activitat social que consisteix en l&#8217;oferta de<\/p>\n","protected":false},"author":1,"featured_media":0,"parent":0,"menu_order":0,"comment_status":"closed","ping_status":"closed","template":"","meta":{"_kad_blocks_custom_css":"","_kad_blocks_head_custom_js":"","_kad_blocks_body_custom_js":"","_kad_blocks_footer_custom_js":"","_kad_post_transparent":"disable","_kad_post_title":"hide","_kad_post_layout":"","_kad_post_sidebar_id":"","_kad_post_content_style":"unboxed","_kad_post_vertical_padding":"","_kad_post_feature":"","_kad_post_feature_position":"","_kad_post_header":false,"_kad_post_footer":false,"_kad_post_classname":"","_vp_format_video_url":"","_vp_image_focal_point":[],"footnotes":""},"class_list":["post-5415","page","type-page","status-publish","hentry"],"taxonomy_info":[],"featured_image_src_large":false,"author_info":{"display_name":"admin","author_link":"https:\/\/irenedelatorre.com\/ca\/author\/empiezapori\/"},"comment_info":0,"_links":{"self":[{"href":"https:\/\/irenedelatorre.com\/ca\/wp-json\/wp\/v2\/pages\/5415","targetHints":{"allow":["GET"]}}],"collection":[{"href":"https:\/\/irenedelatorre.com\/ca\/wp-json\/wp\/v2\/pages"}],"about":[{"href":"https:\/\/irenedelatorre.com\/ca\/wp-json\/wp\/v2\/types\/page"}],"author":[{"embeddable":true,"href":"https:\/\/irenedelatorre.com\/ca\/wp-json\/wp\/v2\/users\/1"}],"replies":[{"embeddable":true,"href":"https:\/\/irenedelatorre.com\/ca\/wp-json\/wp\/v2\/comments?post=5415"}],"version-history":[{"count":1,"href":"https:\/\/irenedelatorre.com\/ca\/wp-json\/wp\/v2\/pages\/5415\/revisions"}],"predecessor-version":[{"id":5417,"href":"https:\/\/irenedelatorre.com\/ca\/wp-json\/wp\/v2\/pages\/5415\/revisions\/5417"}],"wp:attachment":[{"href":"https:\/\/irenedelatorre.com\/ca\/wp-json\/wp\/v2\/media?parent=5415"}],"curies":[{"name":"wp","href":"https:\/\/api.w.org\/{rel}","templated":true}]}}